{"id":413,"date":"2026-04-19T00:29:30","date_gmt":"2026-04-19T00:29:30","guid":{"rendered":"https:\/\/creacionespublicitarias.com\/articulospromocionales\/?page_id=413"},"modified":"2026-04-19T00:40:58","modified_gmt":"2026-04-19T00:40:58","slug":"quienes-somos","status":"publish","type":"page","link":"https:\/\/creacionespublicitarias.com\/articulospromocionales\/index.php\/quienes-somos\/","title":{"rendered":"\u00bfQUI\u00c9NES SOMOS?"},"content":{"rendered":"\t\t<div data-elementor-type=\"wp-page\" data-elementor-id=\"413\" class=\"elementor elementor-413\">\n\t\t\t\t\t\t<section class=\"elementor-section elementor-top-section elementor-element elementor-element-bfe8344 elementor-section-boxed elementor-section-height-default elementor-section-height-default\" data-id=\"bfe8344\" data-element_type=\"section\" data-e-type=\"section\">\n\t\t\t\t\t\t<div class=\"elementor-container elementor-column-gap-default\">\n\t\t\t\t\t<div class=\"elementor-column elementor-col-100 elementor-top-column elementor-element elementor-element-3ebab1b\" data-id=\"3ebab1b\" data-element_type=\"column\" data-e-type=\"column\">\n\t\t\t<div class=\"elementor-widget-wrap elementor-element-populated\">\n\t\t\t\t\t\t<div class=\"elementor-element elementor-element-c540b37 elementor-widget elementor-widget-heading\" data-id=\"c540b37\" data-element_type=\"widget\" data-e-type=\"widget\" data-widget_type=\"heading.default\">\n\t\t\t\t<div class=\"elementor-widget-container\">\n\t\t\t\t\t<h2 class=\"elementor-heading-title elementor-size-default\">\u00bfQUI\u00c9NES SOMOS?<\/h2>\t\t\t\t<\/div>\n\t\t\t\t<\/div>\n\t\t\t\t<section class=\"elementor-section elementor-inner-section elementor-element elementor-element-c6f28f1 elementor-section-boxed elementor-section-height-default elementor-section-height-default\" data-id=\"c6f28f1\" data-element_type=\"section\" data-e-type=\"section\">\n\t\t\t\t\t\t<div class=\"elementor-container elementor-column-gap-default\">\n\t\t\t\t\t<div class=\"elementor-column elementor-col-100 elementor-inner-column elementor-element elementor-element-e594965\" data-id=\"e594965\" data-element_type=\"column\" data-e-type=\"column\">\n\t\t\t<div class=\"elementor-widget-wrap elementor-element-populated\">\n\t\t\t\t\t\t<div class=\"elementor-element elementor-element-4ca5360 elementor-widget elementor-widget-text-editor\" data-id=\"4ca5360\" data-element_type=\"widget\" data-e-type=\"widget\" data-widget_type=\"text-editor.default\">\n\t\t\t\t<div class=\"elementor-widget-container\">\n\t\t\t\t\t\t\t\t\t<p>Creaciones Publicitarias S, A. una empresa paname\u00f1a dedicada a la promoci\u00f3n y venta de art\u00edculos promocionales, todo tipo de uniformes de confecci\u00f3n personalizada, polos, camisa, pantalon, falda, tshirt, gorras, toldas, banderolas, backing, roll up, banners, vinil, microperforado, stickers, imprenta, agendas, trofeos de acrilico, cristal y plastico, medallas de premiaci\u00f3n, pines, art\u00edculos de cuero, regalos corporativos, entre otros art\u00edculos.<\/p><p>Contamos con 25 a\u00f1os de experiencia en el mercado, nuestro principal objetivo es asesorar a nuestros clientes para que logren obtener el mayor beneficio de su marca con la m\u00e1s alta calidad y todo en el mismo lugar, con proveedores de Estados Unidos, China, Mexico, Colombia y Espa\u00f1a.<\/p><p>Contamos con las mejores t\u00e9cnicas de marcado e impresi\u00f3n (serigraf\u00eda, tampograf\u00eda, bordado, grabado a l\u00e1ser, repujado, sublimaci\u00f3n, transfer, impresi\u00f3n DTF y DTF UV,).<\/p><p>Nuestra misi\u00f3n es brindarles a nuestros clientes productos novedosos con la m\u00e1s alta calidad de impresi\u00f3n.<\/p><p>En la actualidad, estamos posicionados como la alternativa integral m\u00e1s completa en la asesor\u00eda de proyectos relacionados con todas las categor\u00edas de comunicaci\u00f3n gr\u00e1fica.<\/p>\t\t\t\t\t\t\t\t<\/div>\n\t\t\t\t<\/div>\n\t\t\t\t\t<\/div>\n\t\t<\/div>\n\t\t\t\t\t<\/div>\n\t\t<\/section>\n\t\t\t\t\t<\/div>\n\t\t<\/div>\n\t\t\t\t\t<\/div>\n\t\t<\/section>\n\t\t\t\t<\/div>\n\t\t","protected":false},"excerpt":{"rendered":"<p>\u00bfQUI\u00c9NES SOMOS? Creaciones Publicitarias S, A. una empresa paname\u00f1a dedicada a la promoci\u00f3n y venta de art\u00edculos promocionales, todo tipo de uniformes de confecci\u00f3n personalizada, polos, camisa, pantalon, falda, tshirt, gorras, toldas, banderolas, backing, roll up, banners, vinil, microperforado, stickers, imprenta, agendas, trofeos de acrilico, cristal y plastico, medallas de premiaci\u00f3n, pines, art\u00edculos de cuero, [&hellip;]<\/p>\n","protected":false},"author":1,"featured_media":0,"parent":0,"menu_order":0,"comment_status":"closed","ping_status":"closed","template":"","meta":{"site-sidebar-layout":"no-sidebar","site-content-layout":"page-builder","ast-site-content-layout":"default","site-content-style":"default","site-sidebar-style":"default","ast-global-header-display":"","ast-banner-title-visibility":"","ast-main-header-display":"","ast-hfb-above-header-display":"","ast-hfb-below-header-display":"","ast-hfb-mobile-header-display":"","site-post-title":"disabled","ast-breadcrumbs-content":"","ast-featured-img":"disabled","footer-sml-layout":"","ast-disable-related-posts":"","theme-transparent-header-meta":"","adv-header-id-meta":"","stick-header-meta":"","header-above-stick-meta":"","header-main-stick-meta":"","header-below-stick-meta":"","astra-migrate-meta-layouts":"default","ast-page-background-enabled":"default","ast-page-background-meta":{"desktop":{"background-color":"var(--ast-global-color-4)","background-image":"","background-repeat":"repeat","background-position":"center center","background-size":"auto","background-attachment":"scroll","background-type":"","background-media":"","overlay-type":"","overlay-color":"","overlay-opacity":"","overlay-gradient":""},"tablet":{"background-color":"","background-image":"","background-repeat":"repeat","background-position":"center center","background-size":"auto","background-attachment":"scroll","background-type":"","background-media":"","overlay-type":"","overlay-color":"","overlay-opacity":"","overlay-gradient":""},"mobile":{"background-color":"","background-image":"","background-repeat":"repeat","background-position":"center center","background-size":"auto","background-attachment":"scroll","background-type":"","background-media":"","overlay-type":"","overlay-color":"","overlay-opacity":"","overlay-gradient":""}},"ast-content-background-meta":{"desktop":{"background-color":"var(--ast-global-color-5)","background-image":"","background-repeat":"repeat","background-position":"center center","background-size":"auto","background-attachment":"scroll","background-type":"","background-media":"","overlay-type":"","overlay-color":"","overlay-opacity":"","overlay-gradient":""},"tablet":{"background-color":"var(--ast-global-color-5)","background-image":"","background-repeat":"repeat","background-position":"center center","background-size":"auto","background-attachment":"scroll","background-type":"","background-media":"","overlay-type":"","overlay-color":"","overlay-opacity":"","overlay-gradient":""},"mobile":{"background-color":"var(--ast-global-color-5)","background-image":"","background-repeat":"repeat","background-position":"center center","background-size":"auto","background-attachment":"scroll","background-type":"","background-media":"","overlay-type":"","overlay-color":"","overlay-opacity":"","overlay-gradient":""}},"footnotes":""},"class_list":["post-413","page","type-page","status-publish","hentry"],"_links":{"self":[{"href":"https:\/\/creacionespublicitarias.com\/articulospromocionales\/index.php\/wp-json\/wp\/v2\/pages\/413","targetHints":{"allow":["GET"]}}],"collection":[{"href":"https:\/\/creacionespublicitarias.com\/articulospromocionales\/index.php\/wp-json\/wp\/v2\/pages"}],"about":[{"href":"https:\/\/creacionespublicitarias.com\/articulospromocionales\/index.php\/wp-json\/wp\/v2\/types\/page"}],"author":[{"embeddable":true,"href":"https:\/\/creacionespublicitarias.com\/articulospromocionales\/index.php\/wp-json\/wp\/v2\/users\/1"}],"replies":[{"embeddable":true,"href":"https:\/\/creacionespublicitarias.com\/articulospromocionales\/index.php\/wp-json\/wp\/v2\/comments?post=413"}],"version-history":[{"count":10,"href":"https:\/\/creacionespublicitarias.com\/articulospromocionales\/index.php\/wp-json\/wp\/v2\/pages\/413\/revisions"}],"predecessor-version":[{"id":432,"href":"https:\/\/creacionespublicitarias.com\/articulospromocionales\/index.php\/wp-json\/wp\/v2\/pages\/413\/revisions\/432"}],"wp:attachment":[{"href":"https:\/\/creacionespublicitarias.com\/articulospromocionales\/index.php\/wp-json\/wp\/v2\/media?parent=413"}],"curies":[{"name":"wp","href":"https:\/\/api.w.org\/{rel}","templated":true}]}}